{"id":3,"date":"2020-12-03T22:13:40","date_gmt":"2020-12-03T21:13:40","guid":{"rendered":"http:\/\/www.alarcolaserstudio.com\/?page_id=3"},"modified":"2026-01-25T13:54:51","modified_gmt":"2026-01-25T12:54:51","slug":"politica-de-privacidad","status":"publish","type":"page","link":"https:\/\/www.alarcolaserstudio.com\/?page_id=3","title":{"rendered":"Pol\u00edtica de Privacidad"},"content":{"rendered":"\n<h3 class=\"wp-block-heading\">RESPONSABLE DEL TRATAMIENTO<\/h3>\n\n\n\n<p>El Responsable del Tratamiento es <strong>Guillaume ALARCO<\/strong>, NIE <strong>Y8291412H<\/strong><br><\/p>\n\n\n\n<p>Tu privacidad es importante para nosotros. En esta declaraci\u00f3n de privacidad te explicamos qu\u00e9 datos personales recopilamos de nuestros usuarios y c\u00f3mo los utilizamos<br><\/p>\n\n\n\n<p>Los invitamos a leer con detenimiento los t\u00e9rminos de la misma antes de facilitarnos tus datos personales a ser utilizados en esta web.<br>Para registrarse como usuarios en ALARCO LASER STUDIO las personas mayores de trece a\u00f1os podr\u00e1n hacerlo sin el consentimiento de sus padres, tutores o representantes legales.<br><\/p>\n\n\n\n<p>Los menores de esta edad requieren el previo consentimiento de sus padres, representantes o tutores para el debido tratamiento de sus datos personales.<br>Dejando constancia que en ning\u00fan caso, se solicitara informaci\u00f3n de estos en cuanto a la situaci\u00f3n econ\u00f3mica, profesional o datos personales o \u00edntimos &nbsp;de los miembros del entorno familiar, sin consentimiento previo.<br>De igual manera solicitamos si eres menor de trece a\u00f1os y accedes a nuestro sitio web, sin notificar a tus padres,&nbsp;no registrarte en la misma como usuario.<br>En esta web se cuidan y se respetan los datos personales de los usuarios. Como usuario debes saber que tus derechos est\u00e1n plenamente garantizados.<br><\/p>\n\n\n\n<p>Nos hemos esforzado por crear un espacio seguro y confiable, por eso queremos compartir nuestros principios respecto a tu privacidad:<\/p>\n\n\n\n<ul class=\"wp-block-list\">\n<li>Nunca solicitamos informaci\u00f3n personal a menos que realmente sea necesaria para prestarte los servicios que nos requieras.<\/li>\n\n\n\n<li>Nunca compartimos informaci\u00f3n personal de nuestros usuarios con nadie, excepto para cumplir con la ley o en caso de que contemos con tu autorizaci\u00f3n expresa.<\/li>\n\n\n\n<li>Nunca utilizaremos tus datos personales con una finalidad diferente a la expresada en esta pol\u00edtica de privacidad.<\/li>\n<\/ul>\n\n\n\n<p>Es preciso advertir que esta Pol\u00edtica de Privacidad podr\u00eda variar en funci\u00f3n de exigencias legislativas o de autorregulaci\u00f3n, por lo que se aconseja a los usuarios que la visiten peri\u00f3dicamente. Ser\u00e1 aplicable en caso de que los usuarios decidan rellenar alg\u00fan formulario de cualquiera de sus formularios de contacto o de suscripci\u00f3n donde se recaben datos de car\u00e1cter personal. ALARCO LASER STUDIO ha adecuado esta web a las exigencias de la Ley Org\u00e1nica 15\/1999, de 13 de diciembre, de Protecci\u00f3n de Datos de Car\u00e1cter Personal (LOPD), y al Real Decreto 1720\/2007, de 21 de diciembre, conocido como el Reglamento de desarrollo de la LOPD. Cumple tambi\u00e9n con el Reglamento (UE) 2016\/679 del Parlamento Europeo y del Consejo de 27 de abril de 2016 relativo a la protecci\u00f3n de las personas f\u00edsicas (RGPD), as\u00ed como con la Ley 34\/2002, de 11 de julio, de Servicios de la Sociedad de la Informaci\u00f3n y Comercio Electr\u00f3nico (LSSICE o LSSI).<br><\/p>\n\n\n\n<p><strong>Responsable del tratamiento de tus datos personales<\/strong><\/p>\n\n\n\n<ul class=\"wp-block-list\">\n<li>Nombre comercial: ALARCO LASER STUDIO<\/li>\n\n\n\n<li>NIE\/CIF: Y8291412H<\/li>\n\n\n\n<li>Direcci\u00f3n: Calle Burriana 30, pta9  46005 Valencia<\/li>\n\n\n\n<li>Correo electr\u00f3nico: guillaume@alarcolasertudio.com<\/li>\n\n\n\n<li>Actividad:&nbsp;Corte y grabado l\u00e1ser<\/li>\n<\/ul>\n\n\n\n<p><\/p>\n\n\n\n<p>A efectos de lo previsto en el Reglamento General de Protecci\u00f3n de Datos antes citado, los datos personales que nos env\u00edes a trav\u00e9s de los formularios de la web recibir\u00e1n el tratamiento de datos de \u201cUsuarios de la web y suscriptores\u201d.<br><\/p>\n\n\n\n<p>Para el tratamiento de datos de nuestros usuarios, implementamos todas las medidas t\u00e9cnicas y organizativas de seguridad establecidas en la legislaci\u00f3n vigente.<\/p>\n\n\n\n<h3 class=\"wp-block-heading\">Principios que aplicaremos a tu informaci\u00f3n personal<\/h3>\n\n\n\n<p>En el tratamiento de vuestros datos personales, aplicaremos los siguientes principios que se ajustan a las exigencias del nuevo reglamento europeo de protecci\u00f3n de datos:<\/p>\n\n\n\n<ul class=\"wp-block-list\">\n<li> Principio de licitud, lealtad y transparencia: Siempre vamos a requerir tu consentimiento para el tratamiento de tus datos personales para uno o varios fines espec\u00edficos de los que te informaremos previamente con absoluta transparencia.<\/li>\n\n\n\n<li>Principio de minimizaci\u00f3n de datos: Solo vamos a solicitar datos estrictamente necesarios en relaci\u00f3n con los fines para los que los requerimos. Los m\u00ednimos posibles.<\/li>\n\n\n\n<li>Principio de limitaci\u00f3n del plazo de conservaci\u00f3n: Los datos ser\u00e1n mantenidos durante no m\u00e1s tiempo del necesario para los fines del tratamiento. En funci\u00f3n a la finalidad, te informaremos del plazo de conservaci\u00f3n correspondiente; en el caso de suscripciones, peri\u00f3dicamente revisaremos nuestras listas y eliminaremos aquellos registros inactivos durante un tiempo considerable.<\/li>\n\n\n\n<li>Principio de integridad y confidencialidad: Tus datos ser\u00e1n tratados de tal manera que se garantice una seguridad adecuada de los datos personales y que se garantice confidencialidad. Debes saber que tomamos todas las precauciones necesarias para evitar el acceso no autorizado o uso indebido de los datos de nuestros usuarios por parte de terceros.<\/li>\n<\/ul>\n\n\n\n<h3 class=\"wp-block-heading\">\u00bfC\u00f3mo hemos obtenido tus datos?<\/h3>\n\n\n\n<p>Los datos personales que tratamos en ALARCO LASER STUDIO&nbsp;proceden de:<\/p>\n\n\n\n<ul class=\"wp-block-list\">\n<li>Formulario<\/li>\n<\/ul>\n\n\n\n<h3 class=\"wp-block-heading\">\u00bfCu\u00e1les son tus derechos cuando nos facilitas tus datos?<\/h3>\n\n\n\n<p>Cualquier persona tiene derecho a obtener confirmaci\u00f3n sobre si en ALARCO LASER STUDIO&nbsp;estamos tratando datos personales que le conciernen o no.<\/p>\n\n\n\n<p>Las personas interesadas tienen derecho a:<\/p>\n\n\n\n<ul class=\"wp-block-list\">\n<li>Solicitar el acceso a los datos personales relativos al interesado<\/li>\n\n\n\n<li>Solicitar su rectificaci\u00f3n o supresi\u00f3n<\/li>\n\n\n\n<li>Solicitar la limitaci\u00f3n de su tratamiento<\/li>\n\n\n\n<li>Oponerse al tratamiento<\/li>\n\n\n\n<li>Solicitar la portabilidad de los datos<\/li>\n<\/ul>\n\n\n\n<p><\/p>\n\n\n\n<p>Los interesados podr\u00e1n acceder a sus datos personales, as\u00ed como a solicitar la rectificaci\u00f3n de los datos inexactos o, en su caso, solicitar su supresi\u00f3n cuando, entre otros motivos, los datos ya no sean necesarios para los fines que fueron recogidos. En determinadas circunstancias, los interesados podr\u00e1n solicitar la limitaci\u00f3n del tratamiento de sus datos, en cuyo caso \u00fanicamente los conservaremos para el ejercicio o la defensa de reclamaciones.<\/p>\n\n\n\n<p>En determinadas circunstancias y por motivos relacionados con su situaci\u00f3n particular, los interesados podr\u00e1n oponerse al tratamiento de sus datos. ALARCO LASER STUDIO&nbsp;dejar\u00e1 de tratar los datos, salvo por motivos leg\u00edtimos imperiosos, o el ejercicio o la defensa de posibles reclamaciones. Como interesado, tienes derecho a recibir los datos personales que te incumban, que nos hayas facilitado y en un formato estructurado, de uso com\u00fan y lectura mec\u00e1nica, y a transmitirlos a otro responsable del tratamiento cuando:<\/p>\n\n\n\n<ul class=\"wp-block-list\">\n<li>El tratamiento est\u00e9 basado en el consentimiento.<\/li>\n\n\n\n<li>Los datos hayan sido facilitados por la persona interesada.<\/li>\n\n\n\n<li>El tratamiento se efect\u00fae por medios automatizados.<\/li>\n<\/ul>\n\n\n\n<p>Al ejercer tu derecho a la portabilidad de los datos, tendr\u00e1s derecho a que los datos personales se transmitan directamente de responsable a responsable cuando sea t\u00e9cnicamente posible.<br>Los interesados tambi\u00e9n tendr\u00e1n derecho a la tutela judicial efectiva y a presentar una reclamaci\u00f3n ante la autoridad de control, en este caso, la Agencia Espa\u00f1ola de Protecci\u00f3n de Datos, si consideran que el tratamiento de datos personales que le conciernen infringe el Reglamento.<\/p>\n\n\n\n<h3 class=\"wp-block-heading\">\u00bfCon qu\u00e9 finalidad tratamos tus datos personales?<\/h3>\n\n\n\n<p>Cuando un usuario se conecta con esta web por ejemplo para comentar un post, mandar un correo al titular, suscribirse o realizar alguna contrataci\u00f3n, est\u00e1 facilitando informaci\u00f3n de car\u00e1cter personal de la que es responsable ALARCO LASER STUDIO Esa informaci\u00f3n puede incluir datos de car\u00e1cter personal como pueden ser tu direcci\u00f3n IP, nombre, direcci\u00f3n f\u00edsica, direcci\u00f3n de correo electr\u00f3nico, n\u00famero de tel\u00e9fono, y otra informaci\u00f3n. Al facilitar esta informaci\u00f3n, el usuario da su consentimiento para que su informaci\u00f3n sea recopilada, utilizada, gestionada y almacenada por ALARCO LASER STUDIO, s\u00f3lo como se describe en el Aviso Legal y en la presente Pol\u00edtica de Privacidad.<\/p>\n\n\n\n<h3 class=\"wp-block-heading\">Existen otras finalidades por la que tratamos tus datos personales:<\/h3>\n\n\n\n<ul class=\"wp-block-list\">\n<li>Para garantizar el cumplimiento de las condiciones de uso y la ley aplicable. Esto puede incluir el desarrollo de herramientas y algoritmos que ayudan a esta web a garantizar la confidencialidad de los datos personales que recoge.<\/li>\n\n\n\n<li>Para apoyar y mejorar los servicios que ofrece esta web.<\/li>\n\n\n\n<li>Tambi\u00e9n se recogen otros datos no identificativos que se obtienen mediante algunas cookies que se descargan en el ordenador del usuario cuando navega en esta web que detallamos en la&nbsp;pol\u00edtica de cookies.<\/li>\n\n\n\n<li>Para gestionar las redes sociales. ALARCO LASER STUDIO puede tener presencia en redes sociales. El tratamiento de los datos que se lleve a cabo de las personas que se hagan seguidoras en las redes sociales de las p\u00e1ginas oficiales de&nbsp;com, se regir\u00e1 por este apartado. As\u00ed como por aquellas condiciones de uso, pol\u00edticas de privacidad y normativas de acceso que pertenezcan a la red social que proceda en cada caso y aceptadas previamente por el usuario de ALARCO LASER STUDIO&nbsp;Tratar\u00e1 sus datos con la finalidad de administrar correctamente su presencia en la red social, informando de actividades, productos o servicios de ALARCO LASER STUDIO&nbsp;As\u00ed como para cualquier otra finalidad que las normativas de las redes sociales permitan. En ning\u00fan caso utilizar\u00e9 los perfiles de seguidores en redes sociales para enviar publicidad de manera individual.<\/li>\n<\/ul>\n\n\n\n<p>De acuerdo a lo establecido en el reglamento general de protecci\u00f3n de datos europeo (RGPD) 2016\/679, Guillaume ALARCO&nbsp;con domicilio en Avenida Tirso de Molina 7, 46009 Valencia, ser\u00e1 responsable del tratamiento de los datos correspondientes a Usuarios de la web y suscriptores.<br>ALARCO LASER STUDIO, no vende, alquila ni cede datos de car\u00e1cter personal que puedan identificar al usuario, ni lo har\u00e1 en el futuro, a terceros sin el consentimiento previo. Sin embargo, en algunos casos se pueden realizar colaboraciones con otros profesionales, en esos casos, se requerir\u00e1 consentimiento a los usuarios informando sobre la identidad del colaborador y la finalidad de la colaboraci\u00f3n. Siempre se realizar\u00e1 con los m\u00e1s estrictos est\u00e1ndares de seguridad.<\/p>\n\n\n\n<h3 class=\"wp-block-heading\">Legitimaci\u00f3n para el tratamiento de tus datos<\/h3>\n\n\n\n<p>La base legal para el tratamiento de sus datos es:&nbsp;el consentimiento.<br>Para contactar o realizar comentarios en esta web se requiere el consentimiento con esta pol\u00edtica de privacidad.<br>La posible oferta prospectiva o comercial de productos y servicios est\u00e1 basada en el consentimiento que se le solicita, sin que en ning\u00fan caso la retirada de este consentimiento condicione la ejecuci\u00f3n del contrato de suscripci\u00f3n.<\/p>\n\n\n\n<h3 class=\"wp-block-heading\">Categor\u00eda de datos<\/h3>\n\n\n\n<p>Las categor\u00edas de datos que se tratan son datos identificativos.<br>No se tratan categor\u00edas de datos especialmente protegidos.<\/p>\n\n\n\n<p>Los datos personales proporcionados se conservar\u00e1n:<\/p>\n\n\n\n<ul class=\"wp-block-list\">\n<li>Hasta que no se solicite su supresi\u00f3n por el interesado<\/li>\n<\/ul>\n\n\n\n<h3 class=\"wp-block-heading\">\u00bfPor cu\u00e1nto tiempo conservar\u00e9 tus datos?<\/h3>\n\n\n\n<p>Las categor\u00edas de datos que se tratan son datos identificativos.<br>No se tratan categor\u00edas de datos especialmente protegidos.<\/p>\n\n\n\n<h3 class=\"wp-block-heading\">\u00bfA qu\u00e9 destinatarios se comunicar\u00e1n tus datos?<\/h3>\n\n\n\n<p>Muchas herramientas que utilizamos para gestionar tus datos son contratadas por terceros.<br>Para prestar servicios estrictamente necesarios para el desarrollo de la actividad, ALARCO LASER STUDIO&nbsp;comparte datos con los siguientes prestadores bajo sus correspondientes condiciones de privacidad:<br><strong>Google Analytics:<\/strong> un servicio anal\u00edtico de web prestado por Google, Inc., una compa\u00f1\u00eda de Delaware cuya oficina principal est\u00e1 en 1600 Amphitheatre Parkway, Mountain View (California), CA 94043, Estados Unidos (\u201cGoogle\u201d). Google Analytics utiliza \u201ccookies\u201d, que son archivos de texto ubicados en tu ordenador, para ayudar a ALARCO LASER STUDIOa analizar el uso que hacen los usuarios del sitio web. La informaci\u00f3n que genera la cookie acerca de su uso de ALARCO LASER STUDIO&nbsp;(incluyendo tu direcci\u00f3n IP) ser\u00e1 directamente transmitida y archivada por Google en los servidores de Estados Unidos.<\/p>\n\n\n\n<div class=\"wp-block-group\"><div class=\"wp-block-group__inner-container is-layout-constrained wp-block-group-is-layout-constrained\">\n<h3 class=\"wp-block-heading\">\u00bfA qu\u00e9 destinatarios se comunicar\u00e1n tus datos?<\/h3>\n\n\n\n<p>Muchas herramientas que utilizamos para gestionar tus datos son contratadas por terceros.<br>Para prestar servicios estrictamente necesarios para el desarrollo de la actividad, ALARCO LASER STUDIO&nbsp;comparte datos con los siguientes prestadores bajo sus correspondientes condiciones de privacidad:<br><strong>Google Analytics:<\/strong> un servicio anal\u00edtico de web prestado por Google, Inc., una compa\u00f1\u00eda de Delaware cuya oficina principal est\u00e1 en 1600 Amphitheatre Parkway, Mountain View (California), CA 94043, Estados Unidos (\u201cGoogle\u201d). Google Analytics utiliza \u201ccookies\u201d, que son archivos de texto ubicados en tu ordenador, para ayudar a ALARCO LASER STUDIOa analizar el uso que hacen los usuarios del sitio web. La informaci\u00f3n que genera la cookie acerca de su uso de ALARCO LASER STUDIO&nbsp;(incluyendo tu direcci\u00f3n IP) ser\u00e1 directamente transmitida y archivada por Google en los servidores de Estados Unidos.<\/p>\n\n\n\n<h3 class=\"wp-block-heading\">Navegaci\u00f3n \/ Cookies<\/h3>\n\n\n\n<p>Al navegar por ALARCO LASER STUDIO&nbsp;se pueden recoger datos no identificables, que pueden incluir, direcciones IP, ubicaci\u00f3n geogr\u00e1fica (aproximadamente), un registro de c\u00f3mo se utilizan los servicios y sitios, y otros datos que no pueden ser utilizados para identificar al usuario. Entre los datos no identificativos est\u00e1n tambi\u00e9n los relacionados a tus h\u00e1bitos de navegaci\u00f3n a trav\u00e9s de servicios de terceros.&nbsp;Esta web utiliza los siguientes servicios de an\u00e1lisis de terceros:<\/p>\n\n\n\n<ul class=\"wp-block-list\">\n<li>Google analytics<\/li>\n<\/ul>\n\n\n\n<p>Utilizamos esta informaci\u00f3n para analizar tendencias, administrar el sitio, rastrear los movimientos de los usuarios alrededor del sitio y para recopilar informaci\u00f3n demogr\u00e1fica sobre nuestra base de usuarios en su conjunto.<\/p>\n\n\n\n<h3 class=\"wp-block-heading\">Uso de cookies<\/h3>\n\n\n\n<p>El uso de cookies y su direcci\u00f3n IP, tomados por este sitio, se realiza con la finalidad de mantener un sitio de acuerdo a sus preferencias locales (tales como navegador web usado, sistema operativo, ISP, etc.). Las \u201ccookies\u201d permiten entregar un contenido ajustado a los intereses y necesidades de nuestros usuarios\/visitantes. Tambi\u00e9n podr\u00edan usarse cookies de servicios de Terceros, como Google Analytics, Google Tag Manager, Google Adsense entre otros, con el \u00fanico fin de proveer informaciones adicionales o relevantes a la Navegaci\u00f3n del Usuario en este Sitio Web.<\/p>\n\n\n\n<h3 class=\"wp-block-heading\">Estad\u00edsticas y servicios de terceros<\/h3>\n\n\n\n<p>Para el correcto funcionamiento de esta web, se hacen uso de diversos cookies, tanto del sitio como de nuestros proveedores (como se expuso en el punto anterior), almacenados en su equipo o mediante el uso de alg\u00fan script.<br>Las cookies usadas solo se almacenan en su equipo con fines estad\u00edsticos, siendo omitidos los datos que pudieran resultar en recopilaci\u00f3n de informaci\u00f3n de car\u00e1cter sensible.<br>Puede leer las pol\u00edticas de Privacidad de los servicios de terceros usados en este sitio web, haciendo clic en los siguientes enlaces:&nbsp;<\/p>\n\n\n\n<ul class=\"wp-block-list\">\n<li><a href=\"https:\/\/www.google.com\/intl\/es_ALL\/policies\/privacy\/\">Pol\u00edtica de Privacidad de Google Analytics, Tag Manager y Adsense<\/a><\/li>\n<\/ul>\n\n\n\n<h3 class=\"wp-block-heading\">Secreto y seguridad de los datos<\/h3>\n\n\n\n<p>ALARCO LASER STUDIO se compromete en el uso y tratamiento de los datos incluidos personales de los usuarios, respetando su confidencialidad y a utilizarlos de acuerdo con la finalidad del mismo, as\u00ed como a dar cumplimiento a su obligaci\u00f3n de guardarlos y adaptar todas las medidas para evitar la alteraci\u00f3n, p\u00e9rdida, tratamiento o acceso no autorizado, de conformidad con lo establecido en la normativa vigente de protecci\u00f3n de datos.<br><\/p>\n\n\n\n<p>Esta web incluye un certificado SSL. Se trata de un protocolo de seguridad que hace que tus datos viajen de manera \u00edntegra y segura, es decir, la transmisi\u00f3n de los datos entre un servidor y usuario web, y en retroalimentaci\u00f3n, es totalmente cifrada o encriptada.<br><\/p>\n\n\n\n<p>Esta web incluye un certificado SSL. Se trata de un protocolo de seguridad que hace que tus datos viajen de manera \u00edntegra y segura, es decir, la transmisi\u00f3n de los datos entre un servidor y usuario web, y en retroalimentaci\u00f3n, es totalmente cifrada o encriptada.<\/p>\n\n\n\n<h3 class=\"wp-block-heading\">Exactitud y veracidad de los datos<\/h3>\n\n\n\n<p>Como usuario, eres el \u00fanico responsable de la veracidad y correcci\u00f3n de los datos que remitas a ALARCO LASER STUDIO, exonerando a ALARCO LASER STUDIO,&nbsp;de cualquier responsabilidad al respecto.<br>Los usuarios garantizan y responden, en cualquier caso, de la exactitud, vigencia y autenticidad de los datos personales facilitados, y se comprometen a mantenerlos debidamente actualizados. El usuario acepta proporcionar informaci\u00f3n completa y correcta en el formulario de contacto o suscripci\u00f3n.<\/p>\n\n\n\n<h3 class=\"wp-block-heading\">Aceptaci\u00f3n y consentimiento<\/h3>\n\n\n\n<p>El usuario declara haber sido informado de las condiciones sobre protecci\u00f3n de datos de car\u00e1cter personal, aceptando y consintiendo el tratamiento de los mismos por parte de ALARCO LASER STUDIO en la forma y para las finalidades indicadas en esta pol\u00edtica de privacidad.<\/p>\n\n\n\n<h3 class=\"wp-block-heading\">Revocabilidad<\/h3>\n\n\n\n<p>El consentimiento prestado, tanto para el tratamiento como para la cesi\u00f3n de los datos de los interesados, es revocable en cualquier momento comunic\u00e1ndolo a ALARCO LASER STUDIO&nbsp;en los t\u00e9rminos establecidos en esta Pol\u00edtica. Esta revocaci\u00f3n en ning\u00fan caso tendr\u00e1 car\u00e1cter retroactivo.<\/p>\n\n\n\n<h3 class=\"wp-block-heading\">Cambios en la pol\u00edtica de privacidad<\/h3>\n\n\n\n<p>ALARCO LASER STUDIO se reserva el derecho a modificar la presente pol\u00edtica para adaptarla a novedades legislativas o jurisprudenciales, as\u00ed como a pr\u00e1cticas de la industria. En dichos supuestos, ALARCO LASER STUDIO&nbsp;anunciar\u00e1 en esta p\u00e1gina los cambios introducidos con razonable antelaci\u00f3n a su puesta en pr\u00e1ctica.<\/p>\n\n\n\n<h3 class=\"wp-block-heading\">Correos comerciales<\/h3>\n\n\n\n<p>De acuerdo con la LSSICE, ALARCO LASER STUDIO&nbsp;no realiza pr\u00e1cticas de SPAM, por lo que no env\u00eda correos comerciales por v\u00eda electr\u00f3nica que no hayan sido previamente solicitados o autorizados por el usuario. En consecuencia, en cada uno de los formularios habidos en la web, el usuario tiene la posibilidad de dar su consentimiento expreso para recibir el bolet\u00edn, con independencia de la informaci\u00f3n comercial puntualmente solicitada.<br>Conforme a lo dispuesto en la Ley 34\/2002 de Servicios de la Sociedad de la Informaci\u00f3n y de comercio electr\u00f3nico, ALARCO LASER STUDIO&nbsp;se compromete a no enviar comunicaciones de car\u00e1cter comercial sin identificarlas debidamente.<\/p>\n\n\n\n<p><br><\/p>\n<\/div><\/div>\n\n\n\n<p><br><\/p>\n","protected":false},"excerpt":{"rendered":"<p>RESPONSABLE DEL TRATAMIENTO El Responsable del Tratamiento es Guillaume ALARCO, NIE Y8291412H Tu privacidad es importante para nosotros. En esta declaraci\u00f3n de privacidad te explicamos qu\u00e9 datos personales recopilamos de nuestros usuarios y c\u00f3mo los utilizamos Los invitamos a leer con detenimiento los t\u00e9rminos de la misma antes de facilitarnos tus datos personales a ser [&hellip;]<\/p>\n","protected":false},"author":1,"featured_media":0,"parent":0,"menu_order":0,"comment_status":"closed","ping_status":"closed","template":"","meta":{"content-type":"","footnotes":""},"class_list":["post-3","page","type-page","status-publish","hentry"],"_links":{"self":[{"href":"https:\/\/www.alarcolaserstudio.com\/index.php?rest_route=\/wp\/v2\/pages\/3","targetHints":{"allow":["GET"]}}],"collection":[{"href":"https:\/\/www.alarcolaserstudio.com\/index.php?rest_route=\/wp\/v2\/pages"}],"about":[{"href":"https:\/\/www.alarcolaserstudio.com\/index.php?rest_route=\/wp\/v2\/types\/page"}],"author":[{"embeddable":true,"href":"https:\/\/www.alarcolaserstudio.com\/index.php?rest_route=\/wp\/v2\/users\/1"}],"replies":[{"embeddable":true,"href":"https:\/\/www.alarcolaserstudio.com\/index.php?rest_route=%2Fwp%2Fv2%2Fcomments&post=3"}],"version-history":[{"count":16,"href":"https:\/\/www.alarcolaserstudio.com\/index.php?rest_route=\/wp\/v2\/pages\/3\/revisions"}],"predecessor-version":[{"id":5845,"href":"https:\/\/www.alarcolaserstudio.com\/index.php?rest_route=\/wp\/v2\/pages\/3\/revisions\/5845"}],"wp:attachment":[{"href":"https:\/\/www.alarcolaserstudio.com\/index.php?rest_route=%2Fwp%2Fv2%2Fmedia&parent=3"}],"curies":[{"name":"wp","href":"https:\/\/api.w.org\/{rel}","templated":true}]}}